{"id":2305,"date":"2022-11-03T21:55:44","date_gmt":"2022-11-03T21:55:44","guid":{"rendered":"https:\/\/elpacientedigital.com\/?page_id=2305"},"modified":"2022-11-03T22:22:53","modified_gmt":"2022-11-03T22:22:53","slug":"el-autor","status":"publish","type":"page","link":"https:\/\/elpacientedigital.com\/index.php\/el-autor\/","title":{"rendered":"El autor"},"content":{"rendered":"<p>Soy m\u00e9dico. He desarrollado software desde los primeros ordenadores de 8 bits. He programado numerosas aplicaciones, principalmente para el dominio de la salud.<\/p>\n<p>Desde ni\u00f1o me encanta aprender. Me fascina escribir c\u00f3digo y hacer m\u00fasica. Innovar es mi modo de vida.<\/p>\n<hr \/>\n<h2 class=\"display-2 weight-300\">1982-1988<\/h2>\n<p>Licenciado en Medicina y Cirug\u00eda por la Universidad de La Laguna<\/p>\n<h2 class=\"display-2 weight-300\">1990-1992<\/h2>\n<p>Ingenier\u00eda Inform\u00e1tica por la Universidad de La Laguna<\/p>\n<h2 class=\"display-2 weight-300\">1992-2022<\/h2>\n<p>He trabajado como m\u00e9dico general y de familia para el servicio p\u00fablico de salud. He alternado la consulta con el desarrollo de numerosas bases de datos m\u00e9dicas.<\/p>\n<p>Programador desde la introducci\u00f3n de los ordenadores personales. He escrito c\u00f3digo y creado apps para una variedad de dispositivos y plataformas digitales.<\/p>\n<hr \/>\n<h2>En la actualidad<\/h2>\n<div class=\"text-columns-2\">\n<p>Actualmente combino mis dos actividades: desempe\u00f1o las funciones de m\u00e9dico de familia para el Servicio Canario de Salud y trabajo en el desarrollo de varios proyectos de salud digital.<\/p>\n<\/div>\n","protected":false},"excerpt":{"rendered":"<div class=\"entry-summary\">\nSoy m\u00e9dico. He desarrollado software desde los primeros ordenadores de 8 bits. He programado numerosas aplicaciones, principalmente para el dominio&hellip;\n<\/div>\n<div class=\"link-more\"><a href=\"https:\/\/elpacientedigital.com\/index.php\/el-autor\/\" class=\"more-link\">Continuar leyendo<span class=\"screen-reader-text\"> &ldquo;El autor&rdquo;<\/span>&hellip;<\/a><\/div>\n","protected":false},"author":1,"featured_media":2314,"parent":0,"menu_order":0,"comment_status":"closed","ping_status":"closed","template":"","meta":{"_monsterinsights_skip_tracking":false,"_monsterinsights_sitenote_active":false,"_monsterinsights_sitenote_note":"","_monsterinsights_sitenote_category":0,"footnotes":""},"class_list":["post-2305","page","type-page","status-publish","has-post-thumbnail","hentry","entry","is-featured"],"acf":[],"aioseo_notices":[],"_links":{"self":[{"href":"https:\/\/elpacientedigital.com\/index.php\/wp-json\/wp\/v2\/pages\/2305","targetHints":{"allow":["GET"]}}],"collection":[{"href":"https:\/\/elpacientedigital.com\/index.php\/wp-json\/wp\/v2\/pages"}],"about":[{"href":"https:\/\/elpacientedigital.com\/index.php\/wp-json\/wp\/v2\/types\/page"}],"author":[{"embeddable":true,"href":"https:\/\/elpacientedigital.com\/index.php\/wp-json\/wp\/v2\/users\/1"}],"replies":[{"embeddable":true,"href":"https:\/\/elpacientedigital.com\/index.php\/wp-json\/wp\/v2\/comments?post=2305"}],"version-history":[{"count":7,"href":"https:\/\/elpacientedigital.com\/index.php\/wp-json\/wp\/v2\/pages\/2305\/revisions"}],"predecessor-version":[{"id":2319,"href":"https:\/\/elpacientedigital.com\/index.php\/wp-json\/wp\/v2\/pages\/2305\/revisions\/2319"}],"wp:featuredmedia":[{"embeddable":true,"href":"https:\/\/elpacientedigital.com\/index.php\/wp-json\/wp\/v2\/media\/2314"}],"wp:attachment":[{"href":"https:\/\/elpacientedigital.com\/index.php\/wp-json\/wp\/v2\/media?parent=2305"}],"curies":[{"name":"wp","href":"https:\/\/api.w.org\/{rel}","templated":true}]}}